{"id":35,"date":"2020-10-20T20:13:21","date_gmt":"2020-10-20T18:13:21","guid":{"rendered":"http:\/\/www.rovtaw.com\/?page_id=35"},"modified":"2020-11-15T14:39:44","modified_gmt":"2020-11-15T13:39:44","slug":"a-propos-de","status":"publish","type":"page","link":"https:\/\/www.rovtaw.com\/index.php\/a-propos-de\/","title":{"rendered":"Services"},"content":{"rendered":"\n<p>Notre entreprise vous propose son service rov (Remoted Operated Vehicle).<br>A l&#8217;aide de notre robot sous-marin &#8220;filoguid\u00e9&#8221; nous pouvons r\u00e9aliser les op\u00e9rations ci-dessous et bien plus encore :<\/p>\n\n\n\n<p>\u2022 Inspection r\u00e9servoir d&#8217;eau incendie\/potable<\/p>\n\n\n\n<p>\u2022 Recherche \u00e9paves, d\u00e9bris, corps\u2026<\/p>\n\n\n\n<p>\u2022 Inspections bateaux, quais\u2026<\/p>\n\n\n\n<p>\u2022 Inspections canalisations(&gt;400mm), acc\u00e8s difficile<\/p>\n\n\n\n<p>\u2022 Arch\u00e9ologie<\/p>\n\n\n\n<p>\u2022 Surveillance plongeur<\/p>\n\n\n\n<p>\u2022 Assistance plongeur<\/p>\n\n\n\n<p>\u2022 Recollement de travaux et contr\u00f4le en fin de chantier<\/p>\n\n\n\n<p>\u2022 R\u00e9alisation de films<\/p>\n\n\n\n<p>\u2022 Surveillance aquaculture<\/p>\n\n\n\n<p>\u2022\u2026<\/p>\n\n\n\n<p><br>Afin d&#8217;offrir le meilleur rapport qualit\u00e9\/prix nous avons choisi le ROV de la marque Videoray PRO3 XE GTO. Il poss\u00e8de le plus haut rapport poids\/puissance.<br>Dans de nombreux cas, l\u2019utilisation de micro ROV est une bonne alternative aux plongeurs, ou un atout non-n\u00e9gligeable en combinaison avec ceux-ci.&nbsp;Par son faible encombrement il peut \u00eatre transport\u00e9 par voie a\u00e9rienne, par h\u00e9licopt\u00e8re, Il permet d&#8217;avoir acc\u00e8s, en toute s\u00e9curit\u00e9, \u00e0 des endroits o\u00f9 les plongeurs ne peuvent pas aller.<\/p>\n","protected":false},"excerpt":{"rendered":"<p>Notre entreprise vous propose son service rov (Remoted Operated Vehicle).A l&#8217;aide de notre robot sous-marin &#8220;filoguid\u00e9&#8221; nous pouvons r\u00e9aliser les op\u00e9rations ci-dessous et bien plus encore : \u2022 Inspection r\u00e9servoir d&#8217;eau incendie\/potable \u2022 Recherche \u00e9paves, d\u00e9bris, corps\u2026 \u2022 Inspections bateaux, quais\u2026 \u2022 Inspections canalisations(&gt;400mm), acc\u00e8s difficile \u2022 Arch\u00e9ologie \u2022 Surveillance plongeur \u2022 Assistance plongeur \u2022 <a class=\"read-more\" href=\"https:\/\/www.rovtaw.com\/index.php\/a-propos-de\/\">READ MORE<\/a><\/p>\n","protected":false},"author":1,"featured_media":0,"parent":0,"menu_order":0,"comment_status":"closed","ping_status":"closed","template":"","meta":[],"yoast_head":"<!-- This site is optimized with the Yoast SEO plugin v15.7 - https:\/\/yoast.com\/wordpress\/plugins\/seo\/ -->\n<title>Services - Technician @Work<\/title>\n<meta name=\"description\" content=\"Travaux sous-marins inspections ROV construction maintenance plongeurs intervention sous marine ROV travaux imerg\u00e9s Inspection ROV\" \/>\n<meta name=\"robots\" content=\"index, follow, max-snippet:-1, max-image-preview:large, max-video-preview:-1\" \/>\n<link rel=\"canonical\" href=\"https:\/\/www.rovtaw.com\/index.php\/a-propos-de\/\" \/>\n<meta property=\"og:locale\" content=\"fr_FR\" \/>\n<meta property=\"og:type\" content=\"article\" \/>\n<meta property=\"og:title\" content=\"Services - Technician @Work\" \/>\n<meta property=\"og:description\" content=\"Travaux sous-marins inspections ROV construction maintenance plongeurs intervention sous marine ROV travaux imerg\u00e9s Inspection ROV\" \/>\n<meta property=\"og:url\" content=\"https:\/\/www.rovtaw.com\/index.php\/a-propos-de\/\" \/>\n<meta property=\"og:site_name\" content=\"Technician @Work\" \/>\n<meta property=\"article:modified_time\" content=\"2020-11-15T13:39:44+00:00\" \/>\n<meta name=\"twitter:card\" content=\"summary_large_image\" \/>\n<meta name=\"twitter:label1\" content=\"Dur\u00e9e de lecture est.\">\n\t<meta name=\"twitter:data1\" content=\"1 minute\">\n<script type=\"application\/ld+json\" class=\"yoast-schema-graph\">{\"@context\":\"https:\/\/schema.org\",\"@graph\":[{\"@type\":\"Organization\",\"@id\":\"https:\/\/www.rovtaw.com\/#organization\",\"name\":\"ROVTAW\",\"url\":\"https:\/\/www.rovtaw.com\/\",\"sameAs\":[\"https:\/\/www.youtube.com\/channel\/UCW0zc7l4qczUG6bXA0jTqHg\"],\"logo\":{\"@type\":\"ImageObject\",\"@id\":\"https:\/\/www.rovtaw.com\/#logo\",\"inLanguage\":\"fr-FR\",\"url\":\"https:\/\/www.rovtaw.com\/wp-content\/uploads\/2020\/11\/Fichier-12.png\",\"width\":551,\"height\":551,\"caption\":\"ROVTAW\"},\"image\":{\"@id\":\"https:\/\/www.rovtaw.com\/#logo\"}},{\"@type\":\"WebSite\",\"@id\":\"https:\/\/www.rovtaw.com\/#website\",\"url\":\"https:\/\/www.rovtaw.com\/\",\"name\":\"Technician @Work\",\"description\":\"Inspection ROV\",\"publisher\":{\"@id\":\"https:\/\/www.rovtaw.com\/#organization\"},\"potentialAction\":[{\"@type\":\"SearchAction\",\"target\":\"https:\/\/www.rovtaw.com\/?s={search_term_string}\",\"query-input\":\"required name=search_term_string\"}],\"inLanguage\":\"fr-FR\"},{\"@type\":\"WebPage\",\"@id\":\"https:\/\/www.rovtaw.com\/index.php\/a-propos-de\/#webpage\",\"url\":\"https:\/\/www.rovtaw.com\/index.php\/a-propos-de\/\",\"name\":\"Services - Technician @Work\",\"isPartOf\":{\"@id\":\"https:\/\/www.rovtaw.com\/#website\"},\"datePublished\":\"2020-10-20T18:13:21+00:00\",\"dateModified\":\"2020-11-15T13:39:44+00:00\",\"description\":\"Travaux sous-marins inspections ROV construction maintenance plongeurs intervention sous marine ROV travaux imerg\\u00e9s Inspection ROV\",\"inLanguage\":\"fr-FR\",\"potentialAction\":[{\"@type\":\"ReadAction\",\"target\":[\"https:\/\/www.rovtaw.com\/index.php\/a-propos-de\/\"]}]}]}<\/script>\n<!-- \/ Yoast SEO plugin. -->","_links":{"self":[{"href":"https:\/\/www.rovtaw.com\/index.php\/wp-json\/wp\/v2\/pages\/35"}],"collection":[{"href":"https:\/\/www.rovtaw.com\/index.php\/wp-json\/wp\/v2\/pages"}],"about":[{"href":"https:\/\/www.rovtaw.com\/index.php\/wp-json\/wp\/v2\/types\/page"}],"author":[{"embeddable":true,"href":"https:\/\/www.rovtaw.com\/index.php\/wp-json\/wp\/v2\/users\/1"}],"replies":[{"embeddable":true,"href":"https:\/\/www.rovtaw.com\/index.php\/wp-json\/wp\/v2\/comments?post=35"}],"version-history":[{"count":4,"href":"https:\/\/www.rovtaw.com\/index.php\/wp-json\/wp\/v2\/pages\/35\/revisions"}],"predecessor-version":[{"id":237,"href":"https:\/\/www.rovtaw.com\/index.php\/wp-json\/wp\/v2\/pages\/35\/revisions\/237"}],"wp:attachment":[{"href":"https:\/\/www.rovtaw.com\/index.php\/wp-json\/wp\/v2\/media?parent=35"}],"curies":[{"name":"wp","href":"https:\/\/api.w.org\/{rel}","templated":true}]}}