{"id":134,"date":"2020-11-12T15:21:24","date_gmt":"2020-11-12T14:21:24","guid":{"rendered":"http:\/\/www.rovtaw.com\/?page_id=134"},"modified":"2021-02-09T17:39:35","modified_gmt":"2021-02-09T16:39:35","slug":"equipements","status":"publish","type":"page","link":"https:\/\/www.rovtaw.com\/index.php\/equipements\/","title":{"rendered":"Equipements"},"content":{"rendered":"\n<h2>VideoRay PRO3 XE GTO<\/h2>\n\n\n\n<p>Notre ROV est un VideoRay PRO3 XE GTO, il est \u00e9quip\u00e9 d&#8217;une cam\u00e9ra vid\u00e9o couleur \u00e0 l&#8217;avant, et d&#8217;une cam\u00e9ra vid\u00e9o noir et blanc \u00e0 l&#8217;arri\u00e8re.<br>Le ROV peut \u00e9galement \u00eatre \u00e9quip\u00e9 d&#8217;un manipulateur et\/ou d&#8217;un sonar utilis\u00e9 lors de recherches par mauvaise visibilit\u00e9.<\/p>\n\n\n\n<div style=\"height:40px\" aria-hidden=\"true\" class=\"wp-block-spacer\"><\/div>\n\n\n\n<h3>Caract\u00e9ristiques<\/h3>\n\n\n\n<ul><li>Profondeur d&#8217;op\u00e9ration maximale : 152 m\u00e8tres<\/li><li>Dimensions ext\u00e9rieures : 31 cm x 22,5 cm x 23 cm (longueur x largeur x hauteur)<\/li><li>Poids total : +- 100 kg<\/li><\/ul>\n\n\n\n<div style=\"height:40px\" aria-hidden=\"true\" class=\"wp-block-spacer\"><\/div>\n\n\n\n<h3>Ressources t\u00e9l\u00e9chargeables<\/h3>\n\n\n\n<div class=\"wp-block-file\"><a href=\"https:\/\/www.rovtaw.com\/wp-content\/uploads\/2021\/02\/Specification.pdf\" target=\"_blank\" rel=\"noreferrer noopener\">Specification<\/a><a href=\"https:\/\/www.rovtaw.com\/wp-content\/uploads\/2021\/02\/Specification.pdf\" class=\"wp-block-file__button\" download>T\u00e9l\u00e9charger<\/a><\/div>\n\n\n\n<div class=\"wp-block-file\"><a href=\"https:\/\/www.rovtaw.com\/wp-content\/uploads\/2021\/02\/Presentation.pdf\">Presentation<\/a><a href=\"https:\/\/www.rovtaw.com\/wp-content\/uploads\/2021\/02\/Presentation.pdf\" class=\"wp-block-file__button\" download>T\u00e9l\u00e9charger<\/a><\/div>\n\n\n\n<div class=\"wp-block-image is-style-default\"><figure class=\"aligncenter size-large\"><img loading=\"lazy\" width=\"350\" height=\"254\" src=\"https:\/\/www.rovtaw.com\/wp-content\/uploads\/2020\/11\/unnamed.jpg\" alt=\"\" class=\"wp-image-132\" srcset=\"https:\/\/www.rovtaw.com\/wp-content\/uploads\/2020\/11\/unnamed.jpg 350w, https:\/\/www.rovtaw.com\/wp-content\/uploads\/2020\/11\/unnamed-300x218.jpg 300w\" sizes=\"(max-width: 350px) 100vw, 350px\" \/><figcaption>VideoRay PRO3 XE GTO<\/figcaption><\/figure><\/div>\n\n\n\n<p><\/p>\n","protected":false},"excerpt":{"rendered":"<p>VideoRay PRO3 XE GTO Notre ROV est un VideoRay PRO3 XE GTO, il est \u00e9quip\u00e9 d&#8217;une cam\u00e9ra vid\u00e9o couleur \u00e0 l&#8217;avant, et d&#8217;une cam\u00e9ra vid\u00e9o noir et blanc \u00e0 l&#8217;arri\u00e8re.Le ROV peut \u00e9galement \u00eatre \u00e9quip\u00e9 d&#8217;un manipulateur et\/ou d&#8217;un sonar utilis\u00e9 lors de recherches par mauvaise visibilit\u00e9. Caract\u00e9ristiques Profondeur d&#8217;op\u00e9ration maximale : 152 m\u00e8tres Dimensions <a class=\"read-more\" href=\"https:\/\/www.rovtaw.com\/index.php\/equipements\/\">READ MORE<\/a><\/p>\n","protected":false},"author":2,"featured_media":0,"parent":0,"menu_order":0,"comment_status":"closed","ping_status":"closed","template":"","meta":[],"yoast_head":"<!-- This site is optimized with the Yoast SEO plugin v15.7 - https:\/\/yoast.com\/wordpress\/plugins\/seo\/ -->\n<title>Equipements - Technician @Work<\/title>\n<meta name=\"description\" content=\"Travaux sous-marins inspections ROV construction maintenance plongeurs intervention sous marine ROV travaux imerg\u00e9s Inspection ROV\" \/>\n<meta name=\"robots\" content=\"index, follow, max-snippet:-1, max-image-preview:large, max-video-preview:-1\" \/>\n<link rel=\"canonical\" href=\"https:\/\/www.rovtaw.com\/index.php\/equipements\/\" \/>\n<meta property=\"og:locale\" content=\"fr_FR\" \/>\n<meta property=\"og:type\" content=\"article\" \/>\n<meta property=\"og:title\" content=\"Equipements - Technician @Work\" \/>\n<meta property=\"og:description\" content=\"Travaux sous-marins inspections ROV construction maintenance plongeurs intervention sous marine ROV travaux imerg\u00e9s Inspection ROV\" \/>\n<meta property=\"og:url\" content=\"https:\/\/www.rovtaw.com\/index.php\/equipements\/\" \/>\n<meta property=\"og:site_name\" content=\"Technician @Work\" \/>\n<meta property=\"article:modified_time\" content=\"2021-02-09T16:39:35+00:00\" \/>\n<meta property=\"og:image\" content=\"https:\/\/www.rovtaw.com\/wp-content\/uploads\/2020\/11\/unnamed.jpg\" \/>\n<meta name=\"twitter:card\" content=\"summary_large_image\" \/>\n<meta name=\"twitter:label1\" content=\"Dur\u00e9e de lecture est.\">\n\t<meta name=\"twitter:data1\" content=\"1 minute\">\n<script type=\"application\/ld+json\" class=\"yoast-schema-graph\">{\"@context\":\"https:\/\/schema.org\",\"@graph\":[{\"@type\":\"Organization\",\"@id\":\"https:\/\/www.rovtaw.com\/#organization\",\"name\":\"ROVTAW\",\"url\":\"https:\/\/www.rovtaw.com\/\",\"sameAs\":[\"https:\/\/www.youtube.com\/channel\/UCW0zc7l4qczUG6bXA0jTqHg\"],\"logo\":{\"@type\":\"ImageObject\",\"@id\":\"https:\/\/www.rovtaw.com\/#logo\",\"inLanguage\":\"fr-FR\",\"url\":\"https:\/\/www.rovtaw.com\/wp-content\/uploads\/2020\/11\/Fichier-12.png\",\"width\":551,\"height\":551,\"caption\":\"ROVTAW\"},\"image\":{\"@id\":\"https:\/\/www.rovtaw.com\/#logo\"}},{\"@type\":\"WebSite\",\"@id\":\"https:\/\/www.rovtaw.com\/#website\",\"url\":\"https:\/\/www.rovtaw.com\/\",\"name\":\"Technician @Work\",\"description\":\"Inspection ROV\",\"publisher\":{\"@id\":\"https:\/\/www.rovtaw.com\/#organization\"},\"potentialAction\":[{\"@type\":\"SearchAction\",\"target\":\"https:\/\/www.rovtaw.com\/?s={search_term_string}\",\"query-input\":\"required name=search_term_string\"}],\"inLanguage\":\"fr-FR\"},{\"@type\":\"ImageObject\",\"@id\":\"https:\/\/www.rovtaw.com\/index.php\/equipements\/#primaryimage\",\"inLanguage\":\"fr-FR\",\"url\":\"https:\/\/www.rovtaw.com\/wp-content\/uploads\/2020\/11\/unnamed.jpg\",\"width\":350,\"height\":254,\"caption\":\"VideoRay PRO3 XE GTO\"},{\"@type\":\"WebPage\",\"@id\":\"https:\/\/www.rovtaw.com\/index.php\/equipements\/#webpage\",\"url\":\"https:\/\/www.rovtaw.com\/index.php\/equipements\/\",\"name\":\"Equipements - Technician @Work\",\"isPartOf\":{\"@id\":\"https:\/\/www.rovtaw.com\/#website\"},\"primaryImageOfPage\":{\"@id\":\"https:\/\/www.rovtaw.com\/index.php\/equipements\/#primaryimage\"},\"datePublished\":\"2020-11-12T14:21:24+00:00\",\"dateModified\":\"2021-02-09T16:39:35+00:00\",\"description\":\"Travaux sous-marins inspections ROV construction maintenance plongeurs intervention sous marine ROV travaux imerg\\u00e9s Inspection ROV\",\"inLanguage\":\"fr-FR\",\"potentialAction\":[{\"@type\":\"ReadAction\",\"target\":[\"https:\/\/www.rovtaw.com\/index.php\/equipements\/\"]}]}]}<\/script>\n<!-- \/ Yoast SEO plugin. -->","_links":{"self":[{"href":"https:\/\/www.rovtaw.com\/index.php\/wp-json\/wp\/v2\/pages\/134"}],"collection":[{"href":"https:\/\/www.rovtaw.com\/index.php\/wp-json\/wp\/v2\/pages"}],"about":[{"href":"https:\/\/www.rovtaw.com\/index.php\/wp-json\/wp\/v2\/types\/page"}],"author":[{"embeddable":true,"href":"https:\/\/www.rovtaw.com\/index.php\/wp-json\/wp\/v2\/users\/2"}],"replies":[{"embeddable":true,"href":"https:\/\/www.rovtaw.com\/index.php\/wp-json\/wp\/v2\/comments?post=134"}],"version-history":[{"count":10,"href":"https:\/\/www.rovtaw.com\/index.php\/wp-json\/wp\/v2\/pages\/134\/revisions"}],"predecessor-version":[{"id":315,"href":"https:\/\/www.rovtaw.com\/index.php\/wp-json\/wp\/v2\/pages\/134\/revisions\/315"}],"wp:attachment":[{"href":"https:\/\/www.rovtaw.com\/index.php\/wp-json\/wp\/v2\/media?parent=134"}],"curies":[{"name":"wp","href":"https:\/\/api.w.org\/{rel}","templated":true}]}}